{"id":3642,"date":"2021-01-13T17:52:36","date_gmt":"2021-01-13T17:52:36","guid":{"rendered":"http:\/\/subdomain.kontor.gmbh\/?page_id=3642"},"modified":"2023-11-07T10:32:49","modified_gmt":"2023-11-07T10:32:49","slug":"impressum","status":"publish","type":"page","link":"https:\/\/kontor.gmbh\/es\/impressum\/","title":{"rendered":"Impressum"},"content":{"rendered":"<div id=\"fws_69e8f87283f70\"  data-column-margin=\"default\" data-midnight=\"dark\"  class=\"wpb_row vc_row-fluid vc_row standard_section\"  style=\"padding-top: 0px; padding-bottom: 0px; \"><div class=\"row-bg-wrap\" data-bg-animation=\"none\" data-bg-overlay=\"false\"><div class=\"inner-wrap\"><div class=\"row-bg\"  style=\"\"><\/div><\/div><div class=\"row-bg-overlay\" ><\/div><\/div><div class=\"row_col_wrap_12 col span_12 dark left\">\n\t<div  class=\"vc_col-sm-12 wpb_column column_container vc_column_container col no-extra-padding inherit_tablet inherit_phone\"  data-t-w-inherits=\"default\" data-bg-cover=\"\" data-padding-pos=\"all\" data-has-bg-color=\"false\" data-bg-color=\"\" data-bg-opacity=\"1\" data-hover-bg=\"\" data-hover-bg-opacity=\"1\" data-animation=\"\" data-delay=\"0\" >\n\t\t<div class=\"vc_column-inner\" ><div class=\"column-bg-overlay-wrap\" data-bg-animation=\"none\"><div class=\"column-bg-overlay\"><\/div><\/div>\n\t\t\t<div class=\"wpb_wrapper\">\n\t\t\t\t\r\n<div class=\"wpb_text_column wpb_content_element\" >\r\n\t<div class=\"wpb_wrapper\">\r\n\t\t<h1>Impressum<\/h1>\n<p>&nbsp;<\/p>\n<p><strong>Inhaber:<br \/>\n<\/strong>KONTOR AP GmbH<br \/>\nAlt-L\u00fcbars 11 D<br \/>\n13469 BerlinEmail: kontakt@kontor.gmbh<\/p>\n<p><strong>Gesch\u00e4ftsf\u00fchrender Gesellschafter:<br \/>\n<\/strong>Alexander Zeihe<\/p>\n<p><strong>Handelsregistereintrag:<br \/>\n<\/strong>Registergericht Berlin: HRB 223616 B<br \/>\nUst-Identifikations-Nr.: DE337375217<\/p>\n<p><strong>Haftung:<br \/>\n<\/strong>Eine Garantie oder Haftung f\u00fcr die Vollst\u00e4ndigkeit, Richtigkeit und Aktualit\u00e4t der Informationen auf den Webseiten, auf die mittels eines Hyperlinks verwiesen wird, kann nicht \u00fcbernommen werden. Die KONTOR AP GmbH ist nicht verantwortlich f\u00fcr den Inhalt der Websites, die durch eine solche Verlinkung erreicht werden k\u00f6nnen.<\/p>\n<p><strong>Copyright:<br \/>\n<\/strong>Die in diesem Internetauftritt enthaltenen Daten, Texte und Abbildungen sind urheberrechtlich gesch\u00fctzt \u00a9 KONTOR AP GmbH<\/p>\n<p><strong>Inhalte:<br \/>\n<\/strong>F\u00fcr die hier auf der Website enthaltenen Texte und Recherchen ist ausschlie\u00dflich die KONTOR AP GmbH verantwortlich.<\/p>\n<p><strong>Fotos:<\/strong><br \/>\nWald-Fotos: Thomas Griesbeck, Luca Bravo \/ www.unsplash.com<br \/>\nMitarbeiterfotos: Heiko Roith \/ RockandRoyalty<\/p>\n<p><strong>Konzeption, Design:<br \/>\n<\/strong><a href=\"http:\/\/buerozwo.at\/\" target=\"_blank\" rel=\"noopener\">buerozwo.at<\/a><\/p>\n<p><strong>Umsetzung:<\/strong><br \/>\n<a href=\"http:\/\/theresiauhrlau.de\/index.html\" target=\"_blank\" rel=\"noopener\">Theresia Uhrlau<\/a><\/p>\n\t<\/div>\r\n<\/div>\r\n\r\n\r\n\r\n\n\t\t\t<\/div> \n\t\t<\/div>\n\t<\/div> \n<\/div><\/div>","protected":false},"excerpt":{"rendered":"Impressum &nbsp; Inhaber: KONTOR AP GmbH Alt-L\u00fcbars 11 D 13469 BerlinEmail: kontakt@kontor.gmbh Gesch\u00e4ftsf\u00fchrender Gesellschafter: Alexander Zeihe Handelsregistereintrag: Registergericht Berlin: HRB 223616 B Ust-Identifikations-Nr.: DE337375217 Haftung: Eine Garantie oder Haftung f\u00fcr...","protected":false},"author":1,"featured_media":0,"parent":0,"menu_order":0,"comment_status":"closed","ping_status":"closed","template":"","meta":{"footnotes":""},"class_list":["post-3642","page","type-page","status-publish"],"_links":{"self":[{"href":"https:\/\/kontor.gmbh\/es\/wp-json\/wp\/v2\/pages\/3642","targetHints":{"allow":["GET"]}}],"collection":[{"href":"https:\/\/kontor.gmbh\/es\/wp-json\/wp\/v2\/pages"}],"about":[{"href":"https:\/\/kontor.gmbh\/es\/wp-json\/wp\/v2\/types\/page"}],"author":[{"embeddable":true,"href":"https:\/\/kontor.gmbh\/es\/wp-json\/wp\/v2\/users\/1"}],"replies":[{"embeddable":true,"href":"https:\/\/kontor.gmbh\/es\/wp-json\/wp\/v2\/comments?post=3642"}],"version-history":[{"count":13,"href":"https:\/\/kontor.gmbh\/es\/wp-json\/wp\/v2\/pages\/3642\/revisions"}],"predecessor-version":[{"id":3879,"href":"https:\/\/kontor.gmbh\/es\/wp-json\/wp\/v2\/pages\/3642\/revisions\/3879"}],"wp:attachment":[{"href":"https:\/\/kontor.gmbh\/es\/wp-json\/wp\/v2\/media?parent=3642"}],"curies":[{"name":"wp","href":"https:\/\/api.w.org\/{rel}","templated":true}]}}